{"id":4904,"date":"2023-01-23T11:45:41","date_gmt":"2023-01-23T09:45:41","guid":{"rendered":"https:\/\/test.chicken-44.com\/?post_type=product&#038;p=4904"},"modified":"2024-07-30T17:02:59","modified_gmt":"2024-07-30T15:02:59","slug":"tortilla-thai","status":"publish","type":"product","link":"https:\/\/chickencity-angers.fr\/commande\/produit\/tortilla-thai\/","title":{"rendered":"Tortilla Tha\u00ef"},"content":{"rendered":"","protected":false},"excerpt":{"rendered":"<p>Tortilla de bl\u00e9, poulet, sauce tha\u00ef, cheddar, salade.<\/p>\n","protected":false},"featured_media":5058,"template":"","meta":[],"product_cat":[41],"product_tag":[],"class_list":{"0":"post-4904","1":"product","2":"type-product","3":"status-publish","4":"has-post-thumbnail","6":"product_cat-wrap","8":"first","9":"instock","10":"shipping-taxable","11":"purchasable","12":"product-type-simple"},"woofood_extra_options":null,"_links":{"self":[{"href":"https:\/\/chickencity-angers.fr\/commande\/wp-json\/wp\/v2\/product\/4904","targetHints":{"allow":["GET"]}}],"collection":[{"href":"https:\/\/chickencity-angers.fr\/commande\/wp-json\/wp\/v2\/product"}],"about":[{"href":"https:\/\/chickencity-angers.fr\/commande\/wp-json\/wp\/v2\/types\/product"}],"wp:featuredmedia":[{"embeddable":true,"href":"https:\/\/chickencity-angers.fr\/commande\/wp-json\/wp\/v2\/media\/5058"}],"wp:attachment":[{"href":"https:\/\/chickencity-angers.fr\/commande\/wp-json\/wp\/v2\/media?parent=4904"}],"wp:term":[{"taxonomy":"product_cat","embeddable":true,"href":"https:\/\/chickencity-angers.fr\/commande\/wp-json\/wp\/v2\/product_cat?post=4904"},{"taxonomy":"product_tag","embeddable":true,"href":"https:\/\/chickencity-angers.fr\/commande\/wp-json\/wp\/v2\/product_tag?post=4904"}],"curies":[{"name":"wp","href":"https:\/\/api.w.org\/{rel}","templated":true}]}}